{"id":331,"date":"2012-06-14T13:35:55","date_gmt":"2012-06-14T13:35:55","guid":{"rendered":"http:\/\/www.romailler.com\/?page_id=331"},"modified":"2013-03-17T00:44:04","modified_gmt":"2013-03-17T00:44:04","slug":"personnes-inscrites","status":"publish","type":"page","link":"http:\/\/www.romailler.com\/?page_id=331","title":{"rendered":"Personnes Inscrites &#8211; 2013"},"content":{"rendered":"<p>Voici les gens dont l&rsquo;inscription a bien \u00e9t\u00e9 prise en compte :<\/p>\n<p>(Si vous d\u00e9sirez vous inscrire, <a href=\"http:\/\/www.romailler.com\/?page_id=184\" title=\"Motocross\">suivez ce lien.<\/a>)<\/p>\n<p>[directory form=\u00a0\u00bb2&Prime; entry=\u00a0\u00bbfalse\u00a0\u00bb lightboxsettings=\u00a0\u00bbimages\u00a0\u00bb titleshow=\u00a0\u00bbfalse\u00a0\u00bb tfoot=\u00a0\u00bbfalse\u00a0\u00bb dateformat=\u00a0\u00bbtrue\u00a0\u00bb sort=\u00a0\u00bb3&Prime;\u00a0dir=\u00a0\u00bbASC\u00a0\u00bb]<\/p>\n","protected":false},"excerpt":{"rendered":"<p>Voici les gens dont l&rsquo;inscription a bien \u00e9t\u00e9 prise en compte : (Si vous d\u00e9sirez vous inscrire, suivez ce lien.) [directory form=\u00a0\u00bb2&Prime; entry=\u00a0\u00bbfalse\u00a0\u00bb lightboxsettings=\u00a0\u00bbimages\u00a0\u00bb titleshow=\u00a0\u00bbfalse\u00a0\u00bb tfoot=\u00a0\u00bbfalse\u00a0\u00bb dateformat=\u00a0\u00bbtrue\u00a0\u00bb sort=\u00a0\u00bb3&Prime;\u00a0dir=\u00a0\u00bbASC\u00a0\u00bb]<\/p>\n","protected":false},"author":1,"featured_media":0,"parent":184,"menu_order":0,"comment_status":"closed","ping_status":"closed","template":"","meta":[],"_links":{"self":[{"href":"http:\/\/www.romailler.com\/index.php?rest_route=\/wp\/v2\/pages\/331"}],"collection":[{"href":"http:\/\/www.romailler.com\/index.php?rest_route=\/wp\/v2\/pages"}],"about":[{"href":"http:\/\/www.romailler.com\/index.php?rest_route=\/wp\/v2\/types\/page"}],"author":[{"embeddable":true,"href":"http:\/\/www.romailler.com\/index.php?rest_route=\/wp\/v2\/users\/1"}],"replies":[{"embeddable":true,"href":"http:\/\/www.romailler.com\/index.php?rest_route=%2Fwp%2Fv2%2Fcomments&post=331"}],"version-history":[{"count":26,"href":"http:\/\/www.romailler.com\/index.php?rest_route=\/wp\/v2\/pages\/331\/revisions"}],"predecessor-version":[{"id":453,"href":"http:\/\/www.romailler.com\/index.php?rest_route=\/wp\/v2\/pages\/331\/revisions\/453"}],"up":[{"embeddable":true,"href":"http:\/\/www.romailler.com\/index.php?rest_route=\/wp\/v2\/pages\/184"}],"wp:attachment":[{"href":"http:\/\/www.romailler.com\/index.php?rest_route=%2Fwp%2Fv2%2Fmedia&parent=331"}],"curies":[{"name":"wp","href":"https:\/\/api.w.org\/{rel}","templated":true}]}}