{"id":184,"date":"2011-09-21T15:10:00","date_gmt":"2011-09-21T13:10:00","guid":{"rendered":"http:\/\/romay.wouaib.ch\/?page_id=184"},"modified":"2013-07-24T10:06:32","modified_gmt":"2013-07-24T10:06:32","slug":"motocross","status":"publish","type":"page","link":"https:\/\/www.romailler.com\/?page_id=184","title":{"rendered":"Motocross"},"content":{"rendered":"<table>\n<tbody>\n<tr>\n<td>\n<div id=\"DivClignotante\" style=\"visibility: visible; text-align: center;\"><span style=\"color: #ff0000; font-size: larger;\"><br \/>\nAttention ! <\/span><\/div>\n<div><span style=\"color: #ff0000;\"><br \/>\nNous vous informons que pour cause de retard des cultures, les Motocross Angora et Oldtimer des 27 et 28 juillet n&rsquo;auront pas lieu.<\/span><br \/>\n<span>Le comit\u00e9 n&rsquo;a pas pu trouv\u00e9 de date de remplacement et ces deux courses sont donc <strong>annul\u00e9es<\/strong>.<\/span><\/div>\n<div><\/div>\n<div id=\"DivClignotante\" style=\"visibility: visible; text-align: center;\"><span style=\"color: #ff0000; font-size: larger;\"><br \/>\nAchtung!<\/span><\/div>\n<div style=\"visibility: visible; text-align: center;\"><\/div>\n<div><span>Zu unserem Bedauern m\u00fcssen wir Ihnen mitteilen, dass\u00a0aufgrund von der Anbau-Versp\u00e4tung, die Angora und Oldtimer Motocross-rennen am 27. und 28. Juli nicht stattfinden k\u00f6nnen werden !<\/span><\/div>\n<div><span>Es w\u00fcrde leider nicht m\u00f6glich ein Ersatzdatum zu finden, deshalb sind beide Rennen\u00a0ausgefallen. <\/span><\/div>\n<\/td>\n<\/tr>\n<\/tbody>\n<\/table>\n<h1><strong><span style=\"text-decoration: underline;\">Motocross OldTimer<\/span><\/strong><\/h1>\n<p style=\"padding-left: 30px;\">Le OldTimer 2013 <del datetime=\"2013-07-19T19:08:37+00:00\">aura lieu le dimanche 28 juillet 2013 !<\/del><\/p>\n<p style=\"padding-left: 30px;\">Course dans le cadre du Championnat Suisse<br \/>\nSide-car, pr\u00e9 68, pr\u00e9 75B, TwinShock<\/p>\n<p><a title=\"Bulletin d'engagement\" href=\"http:\/\/www.romailler.com\/cms\/wp-content\/uploads\/Bulletin-Engagement-2013.pdf\">Bulletin d&rsquo;engagement 2013<\/a><\/p>\n<p><a title=\"Personnes Inscrites \u2013 2013\" href=\"http:\/\/www.romailler.com\/?page_id=331\">Liste des personnes inscrites<\/a><\/p>\n<h2>Formulaire d&rsquo;inscription<\/h2>\n<h2>Pilote<\/h2>\n<p>Le formulaire d&rsquo;inscription n&rsquo;est plus disponible :<\/p>\n<div id=\"DivClignotante\" style=\"visibility: visible; text-align: center;\"><span style=\"color: #ff0000; font-size: larger;\"><br \/>\nAttention ! <\/span><\/div>\n<div><span style=\"color: #ff0000;\"><br \/>\nNous vous informons que pour cause de retard des cultures, les Motocross Angora et Oldtimer des 27 et 28 juillet n&rsquo;auront pas lieu.<\/span><br \/>\n<span>Le comit\u00e9 n&rsquo;a pas pu trouv\u00e9 de date de remplacement et ces deux courses sont donc annul\u00e9es.<\/span><\/div>\n<div><span><br \/>\n<\/span><\/div>\n","protected":false},"excerpt":{"rendered":"<p>Attention ! Nous vous informons que pour cause de retard des cultures, les Motocross Angora et Oldtimer des 27 et 28 juillet n&rsquo;auront pas lieu. Le comit\u00e9 n&rsquo;a pas pu trouv\u00e9 de date de remplacement et ces deux courses sont &hellip; <a href=\"https:\/\/www.romailler.com\/?page_id=184\">Continuer la lecture <span class=\"meta-nav\">&rarr;<\/span><\/a><\/p>\n","protected":false},"author":1,"featured_media":0,"parent":0,"menu_order":0,"comment_status":"closed","ping_status":"closed","template":"","meta":[],"_links":{"self":[{"href":"https:\/\/www.romailler.com\/index.php?rest_route=\/wp\/v2\/pages\/184"}],"collection":[{"href":"https:\/\/www.romailler.com\/index.php?rest_route=\/wp\/v2\/pages"}],"about":[{"href":"https:\/\/www.romailler.com\/index.php?rest_route=\/wp\/v2\/types\/page"}],"author":[{"embeddable":true,"href":"https:\/\/www.romailler.com\/index.php?rest_route=\/wp\/v2\/users\/1"}],"replies":[{"embeddable":true,"href":"https:\/\/www.romailler.com\/index.php?rest_route=%2Fwp%2Fv2%2Fcomments&post=184"}],"version-history":[{"count":47,"href":"https:\/\/www.romailler.com\/index.php?rest_route=\/wp\/v2\/pages\/184\/revisions"}],"predecessor-version":[{"id":236,"href":"https:\/\/www.romailler.com\/index.php?rest_route=\/wp\/v2\/pages\/184\/revisions\/236"}],"wp:attachment":[{"href":"https:\/\/www.romailler.com\/index.php?rest_route=%2Fwp%2Fv2%2Fmedia&parent=184"}],"curies":[{"name":"wp","href":"https:\/\/api.w.org\/{rel}","templated":true}]}}